{"id":26930,"date":"2020-04-23T00:22:47","date_gmt":"2020-04-22T22:22:47","guid":{"rendered":"https:\/\/eshop.arvigortrading.com\/product\/green-paper-straws\/"},"modified":"2020-08-02T00:44:46","modified_gmt":"2020-08-01T22:44:46","slug":"gruene-papierstrohhalme","status":"publish","type":"product","link":"https:\/\/eshop.arvigortrading.com\/de\/produkt\/gruene-papierstrohhalme\/","title":{"rendered":"Gr\u00fcne Papierstrohhalme"},"content":{"rendered":"<p><strong>Gr\u00fcne Papierstrohhalme<\/strong>: Praktische und saubere (Einweg-) Papierstrohhalme. Umweltfreundliche, biologisch abbaubare Papiertrinkhalme mit einer widerstandsf\u00e4higen Beschichtung &#8211; Packung mit 250 gr\u00fcn gestreiften <strong>Papierstrohhalmen<\/strong>. Nettogewicht 313 g.<\/p>\n<p><strong>Sicher und stabil<\/strong> &#8211; Hergestellt aus 100% recycelbarem, lebensmittelechtem Kraftpapier (Bestandteile: wei\u00dfes 120 GSM Kraftpapier, 60 GSM Kraftpapier; lebensmittelsichere Klebstoffl\u00f6sung mit einem pH-Wert von 4,0 &#8211; 5,0 gem\u00e4\u00df ISO 976; wasserbasierte Farbl\u00f6sung f\u00fcr Anwendungen im direkten Kontakt mit Lebensmitteln gem\u00e4\u00df akkreditierter Herstellung nach ISO 9001). Die Rohstoffe erf\u00fcllen die Anforderungen der US-amerikanischen FDA und des deutschen BfR (Bundesinstitut f\u00fcr Risikobewertung). Sicher und hygienisch in der Anwendung f\u00fcr sich selbst und andere.<\/p>\n<p><strong>Hohe Qualit\u00e4t<\/strong> &#8211; Hergestellt in Gro\u00dfbritannien nach industriellen Standards mit hochwertigen Materialien. Haltbare Verwendung in kalten Getr\u00e4nken (z.B. Cocktails, frischen S\u00e4ften, Limonade, Milchshakes oder Smoothies) \u00fcber Stunden ohne Delamination oder Verformung. Geschmacksneutrale Wirkung.<\/p>\n<p><strong>Umweltfreundlich<\/strong> &#8211; In \u00dcbereinstimmung mit den <a href=\"https:\/\/www.europarl.europa.eu\/news\/de\/press-room\/20190321IPR32111\/wegwerfprodukte-aus-plastik-parlament-stimmt-fur-verbot-ab-2021\" target=\"_blank\" rel=\"noopener noreferrer\">gesetzlichen Bestimmungen in der Europ\u00e4ischen Union<\/a>, die bis 2021 in Kraft treten sollen, um Plastikstrohhalme zu stoppen, Abfall und Meeresverschmutzung zu reduzieren. Vollst\u00e4ndig biologisch abbaubare und nachhaltige L\u00f6sung. Recycelbare Papierhalme.<\/p>\n<p><strong>Praktische Gr\u00f6\u00dfe<\/strong> &#8211; Gr\u00fcne Papierstrohhalme haben eine L\u00e4nge von 20 cm und einen Durchmesser von 0,6 cm. Praktische Verwendung mit Flaschen und verschiedenen Arten von Gl\u00e4sern.<\/p>\n<p><strong>Vielfalt<\/strong> &#8211; Die Papierstrohhalme sind in <a href=\"https:\/\/eshop.arvigortrading.com\/de\/produkt\/weisse-papierstrohhalme\/\" target=\"_blank\" rel=\"noopener noreferrer\">wei\u00df<\/a>, <a href=\"https:\/\/eshop.arvigortrading.com\/de\/produkt\/schwarze-papierstrohhalme\/\" target=\"_blank\" rel=\"noopener noreferrer\">schwarz<\/a>, gr\u00fcn gestreift auf wei\u00df, <a href=\"https:\/\/eshop.arvigortrading.com\/de\/produkt\/rote-papierstrohhalme\/\" target=\"_blank\" rel=\"noopener noreferrer\">rot gestreift auf wei\u00df<\/a>, <a href=\"https:\/\/eshop.arvigortrading.com\/de\/produkt\/blaue-papierstrohhalme\/\" target=\"_blank\" rel=\"noopener noreferrer\">blau gestreift auf wei\u00df<\/a> oder <a href=\"https:\/\/eshop.arvigortrading.com\/de\/produkt\/gelbe-papierstrohhalme\/\" target=\"_blank\" rel=\"noopener noreferrer\">gelb gestreift auf wei\u00df<\/a> erh\u00e4ltlich.<\/p>\n<p>F\u00fcr alle Anl\u00e4sse und Dekorationen: Diese farbenfrohen Papierstrohhalme eignen sich f\u00fcr Geburtstage, Taufen oder Babypartys, Verlobungen und Hochzeiten, Jubil\u00e4en, Valentinstag, Abschlussfeiern, andere Feiern oder besondere Anl\u00e4sse. Sie k\u00f6nnen auch in Restaurants, Pubs, Bars und Hotels usw. verwendet werden.<\/p>\n<p>Diese Strohhalme aus Papier eignen sich auch f\u00fcr Grillabende im Freien oder auf dem Balkon, oder f\u00fcr den t\u00e4glichen Gebrauch (zum Entspannen vor dem Fernseher, zur Mahlzeit oder im B\u00fcro), am Strand oder am Swimming Pool, vor oder nach dem Sport.<\/p>\n","protected":false},"excerpt":{"rendered":"<p>Packung mit 250 Strohhalmen aus gr\u00fcn gestreiftem Papier mit einer widerstandsf\u00e4higen Beschichtung. Hergestellt aus lebensmittelechtem Kraftpapier, einer lebensmittelsicheren Klebstoffl\u00f6sung und einer lebensmitteltauglichen, wasserbasierten Farbl\u00f6sung. L\u00e4nge 20 cm und \u2205 0,6 cm.<\/p>\n","protected":false},"featured_media":26932,"comment_status":"open","ping_status":"closed","template":"","meta":{"spay_email":""},"supplier_id":null,"supplier_sku":"","atum_controlled":true,"out_stock_date":null,"out_stock_threshold":null,"inheritable":false,"inbound_stock":0,"stock_on_hold":1,"sold_today":0,"sales_last_days":0,"reserved_stock":0,"customer_returns":0,"warehouse_damage":0,"lost_in_post":0,"other_logs":0,"out_stock_days":0,"lost_sales":0,"has_location":true,"update_date":"2026-04-29T22:42:38","atum_locations":[{"id":3412,"name":"10119","slug":"10119"},{"id":3410,"name":"13407","slug":"13407"},{"id":3409,"name":"Berlin","slug":"berlin"}],"atum_stock_status":"instock","low_stock":false,"mi_inventories":[],"multi_inventory":null,"inventory_sorting_mode":null,"inventory_iteration":null,"expirable_inventories":null,"price_per_inventory":null,"yoast_head":"<!-- This site is optimized with the Yoast SEO Premium plugin v15.2.1 - https:\/\/yoast.com\/wordpress\/plugins\/seo\/ -->\n<title>Gr\u00fcne Papierstrohhalme &raquo; Packung mit 250 Einweg-Papiertrinkhalmen<\/title>\n<meta name=\"description\" content=\"Biologisch abbaubare, gr\u00fcne Papierhalme mit widerstandsf\u00e4higer Beschichtung aus sicherem Kraftpapier, Klebstoffl\u00f6sung, wasserbasierten Farbl\u00f6sung.\" \/>\n<meta name=\"robots\" content=\"index, follow, max-snippet:-1, max-image-preview:large, max-video-preview:-1\" \/>\n<link rel=\"canonical\" href=\"https:\/\/eshop.arvigortrading.com\/de\/produkt\/gruene-papierstrohhalme\/\" \/>\n<meta property=\"og:locale\" content=\"de_DE\" \/>\n<meta property=\"og:type\" content=\"article\" \/>\n<meta property=\"og:title\" content=\"Gr\u00fcne Papierstrohhalme &raquo; Packung mit 250 Einweg-Papiertrinkhalmen\" \/>\n<meta property=\"og:description\" content=\"Biologisch abbaubare, gr\u00fcne Papierhalme mit widerstandsf\u00e4higer Beschichtung aus sicherem Kraftpapier, Klebstoffl\u00f6sung, wasserbasierten Farbl\u00f6sung.\" \/>\n<meta property=\"og:url\" content=\"https:\/\/eshop.arvigortrading.com\/de\/produkt\/gruene-papierstrohhalme\/\" \/>\n<meta property=\"og:site_name\" content=\"Arvigor Trading &amp; Co. [B2C &amp; B2B eCommerce]\" \/>\n<meta property=\"article:modified_time\" content=\"2020-08-01T22:44:46+00:00\" \/>\n<meta property=\"og:image\" content=\"https:\/\/eshop.arvigortrading.com\/file\/2020\/04\/IMG_0190_2-scaled.jpg\" \/>\n\t<meta property=\"og:image:width\" content=\"2560\" \/>\n\t<meta property=\"og:image:height\" content=\"1920\" \/>\n<meta name=\"twitter:card\" content=\"summary\" \/>\n<meta name=\"twitter:creator\" content=\"@arvigortrading\" \/>\n<meta name=\"twitter:site\" content=\"@arvigortrading\" \/>\n<meta name=\"twitter:label1\" content=\"Preis\">\n\t<meta name=\"twitter:data1\" content=\"&euro;&nbsp;11,49\n\t\t\n\t\tzzgl. VersandBei Lieferungen in Nicht-EU-L\u00e4nder k\u00f6nnen zus\u00e4tzliche Z\u00f6lle, Steuern und Geb\u00fchren anfallen.\">\n\t<meta name=\"twitter:label2\" content=\"Availability\">\n\t<meta name=\"twitter:data2\" content=\"In stock\">\n<script type=\"application\/ld+json\" class=\"yoast-schema-graph\">{\"@context\":\"https:\/\/schema.org\",\"@graph\":[{\"@type\":\"Organization\",\"@id\":\"https:\/\/eshop.arvigortrading.com\/#organization\",\"name\":\"Arvigor Trading & Co.\",\"url\":\"https:\/\/eshop.arvigortrading.com\/\",\"sameAs\":[\"https:\/\/www.youtube.com\/channel\/UCHfcKDOK5r5pDYQrMbl5wBA\",\"https:\/\/www.pinterest.de\/arvigortrading\/\",\"https:\/\/twitter.com\/arvigortrading\"],\"logo\":{\"@type\":\"ImageObject\",\"@id\":\"https:\/\/eshop.arvigortrading.com\/#logo\",\"inLanguage\":\"de-DE\",\"url\":\"https:\/\/eshop.arvigortrading.com\/file\/2017\/10\/120x111_transparent_www.arvigortrading.com_copyright_protected-by-law.png\",\"width\":120,\"height\":111,\"caption\":\"Arvigor Trading & Co.\"},\"image\":{\"@id\":\"https:\/\/eshop.arvigortrading.com\/#logo\"}},{\"@type\":\"WebSite\",\"@id\":\"https:\/\/eshop.arvigortrading.com\/#website\",\"url\":\"https:\/\/eshop.arvigortrading.com\/\",\"name\":\"Arvigor Trading & Co. [B2C & B2B eCommerce]\",\"description\":\"Shopping online mit internationalem eCommerce.\",\"publisher\":{\"@id\":\"https:\/\/eshop.arvigortrading.com\/#organization\"},\"potentialAction\":[{\"@type\":\"SearchAction\",\"target\":\"https:\/\/eshop.arvigortrading.com\/?s={search_term_string}\",\"query-input\":\"required name=search_term_string\"}],\"inLanguage\":\"de-DE\"},{\"@type\":\"ImageObject\",\"@id\":\"https:\/\/eshop.arvigortrading.com\/de\/produkt\/gruene-papierstrohhalme\/#primaryimage\",\"inLanguage\":\"de-DE\",\"url\":\"https:\/\/eshop.arvigortrading.com\/file\/2020\/04\/IMG_0190_2-scaled.jpg\",\"width\":2560,\"height\":1920,\"caption\":\"gr\\u00fcner Papiertrinkhalm Vorderansicht Verpackung aus weitem Winkel\"},{\"@type\":\"WebPage\",\"@id\":\"https:\/\/eshop.arvigortrading.com\/de\/produkt\/gruene-papierstrohhalme\/#webpage\",\"url\":\"https:\/\/eshop.arvigortrading.com\/de\/produkt\/gruene-papierstrohhalme\/\",\"name\":\"Gr\\u00fcne Papierstrohhalme &raquo; Packung mit 250 Einweg-Papiertrinkhalmen\",\"isPartOf\":{\"@id\":\"https:\/\/eshop.arvigortrading.com\/#website\"},\"primaryImageOfPage\":{\"@id\":\"https:\/\/eshop.arvigortrading.com\/de\/produkt\/gruene-papierstrohhalme\/#primaryimage\"},\"datePublished\":\"2020-04-22T22:22:47+00:00\",\"dateModified\":\"2020-08-01T22:44:46+00:00\",\"description\":\"Biologisch abbaubare, gr\\u00fcne Papierhalme mit widerstandsf\\u00e4higer Beschichtung aus sicherem Kraftpapier, Klebstoffl\\u00f6sung, wasserbasierten Farbl\\u00f6sung.\",\"inLanguage\":\"de-DE\",\"potentialAction\":[{\"@type\":\"ReadAction\",\"target\":[\"https:\/\/eshop.arvigortrading.com\/de\/produkt\/gruene-papierstrohhalme\/\"]}]}]}<\/script>\n<!-- \/ Yoast SEO Premium plugin. -->","jetpack_sharing_enabled":true,"_links":{"self":[{"href":"https:\/\/eshop.arvigortrading.com\/de\/wp-json\/wp\/v2\/product\/26930"}],"collection":[{"href":"https:\/\/eshop.arvigortrading.com\/de\/wp-json\/wp\/v2\/product"}],"about":[{"href":"https:\/\/eshop.arvigortrading.com\/de\/wp-json\/wp\/v2\/types\/product"}],"replies":[{"embeddable":true,"href":"https:\/\/eshop.arvigortrading.com\/de\/wp-json\/wp\/v2\/comments?post=26930"}],"wp:featuredmedia":[{"embeddable":true,"href":"https:\/\/eshop.arvigortrading.com\/de\/wp-json\/wp\/v2\/media\/26932"}],"wp:attachment":[{"href":"https:\/\/eshop.arvigortrading.com\/de\/wp-json\/wp\/v2\/media?parent=26930"}],"curies":[{"name":"wp","href":"https:\/\/api.w.org\/{rel}","templated":true}]}}