{"id":10785,"date":"2017-06-28T00:27:58","date_gmt":"2017-06-27T22:27:58","guid":{"rendered":"https:\/\/madetrade.arvigortrading.com\/?page_id=10785\/"},"modified":"2020-05-22T02:06:14","modified_gmt":"2020-05-22T00:06:14","slug":"faq-service","status":"publish","type":"page","link":"https:\/\/eshop.arvigortrading.com\/de\/faq-service\/","title":{"rendered":"FAQ und Service"},"content":{"rendered":"<p>[vc_row][vc_column width=&#8221;1\/6&#8243;][\/vc_column][vc_column width=&#8221;2\/3&#8243;][vc_column_text]<\/p>\n<h1 class=\"disclaimer\"><span style=\"font-size: 14pt;\">FAQ und Service<br \/>\n<\/span><\/h1>\n<hr \/>\n<p>[\/vc_column_text][vc_column_text]Unsere Zahlungs-, Versand- bzw. Lieferbedingungen sind in unseren <a href=\"https:\/\/eshop.arvigortrading.com\/de\/allgemeine-geschaeftsbedingungen\/\">AGB<\/a> sowie unserer <a href=\"https:\/\/eshop.arvigortrading.com\/de\/widerrufsbelehrung\/\">Widerrufsbelehrung<\/a> enthalten. Zus\u00e4tzliche Hinweise finden Sie unter <a href=\"https:\/\/eshop.arvigortrading.com\/de\/zahlungsarten\/\">Zahlungsarten<\/a> sowie <a href=\"https:\/\/eshop.arvigortrading.com\/de\/versand-lieferung\/\">Versand und Lieferung<\/a>.<\/p>\n<p>Sollten Sie Fragen zu bzw. vor oder nach Ihrer Bestellung haben, uns Feedback oder Kommentare mitgeben m\u00f6chten, sich \u00fcber ein Produkt erkundigen wollen oder ein sonstiges Anliegen haben, dann setzen Sie sich bitte mit uns mittels der unten angegebenen Kommunikationswege in Verbindung.[\/vc_column_text][vc_text_separator title=&#8221;Kontaktzeiten&#8221; title_align=&#8221;separator_align_left&#8221;][vc_column_text]Sie k\u00f6nnen uns 24 Stunden lang von montags bis einschlie\u00dflich sonntags z.B. per E-Mail, <a href=\"https:\/\/eshop.arvigortrading.com\/de\/kontakt\/\" target=\"_blank\" rel=\"noopener noreferrer\">Kontaktform<\/a> oder mittels des Artikelanfrageformulars innerhalb der einzelnen Artikelansicht erreichen. Wir bem\u00fchen uns Ihnen innerhalb von 24 Stunden zu antworten.<\/p>\n<p>Aufgrund der verschiedenen geografischen Zeitzonen, zu denen Sie sich entschlie\u00dfen sollten, uns zu kontaktieren, kann es bei Sto\u00dfzeiten im Allgemeinen bis zu 48 Stunden dauern, bis wir Ihnen antworten. Die Antwortzeiten variieren zumal durch die Eigenheiten Ihrer Anfrage.<\/p>\n<p>Oftmals k\u00f6nnen Sie allerdings mit einer Antwort innerhalb von wenigen Stunden rechnen, bzw. sofort, sofern Sie uns ggf. per Chat innerhalb unserer aktiven Gesch\u00e4ftszeiten von Montag bis einschlie\u00dflich Sonntag zwischen\u00a0 8:00 bis 20:00 Uhr MEZ (mitteleurop\u00e4ischer Zeit) kontaktieren. Beachten Sie bitte, dass der Chat nicht immer w\u00e4hrend der aktiven Gesch\u00e4ftszeiten besetzt ist. Auch au\u00dferhalb unserer aktiven Gesch\u00e4ftszeiten bem\u00fchen wir uns Ihnen zeitnah zu antworten.[\/vc_column_text][vc_separator][vc_custom_heading text=&#8221;FAQ&#8221; font_container=&#8221;tag:h2|font_size:15|text_align:left&#8221; use_theme_fonts=&#8221;yes&#8221; css_animation=&#8221;none&#8221;][vc_column_text]Bitte pr\u00fcfen Sie unsere h\u00e4ufig beantworteten Fragen (FAQ), ob Sie nicht eine geeignete Antwort zu Ihrem Anliegen finden.[\/vc_column_text][vc_toggle title=&#8221;Kann ich auch per Fax, E-Mail, Kontaktformular, Brief, Telefon oder durch pers\u00f6nliches Erscheinen bestellen?&#8221; open=&#8221;true&#8221; custom_font_container=&#8221;tag:h6|font_size:12|text_align:left&#8221; custom_use_theme_fonts=&#8221;yes&#8221; use_custom_heading=&#8221;true&#8221;]Nein. Grunds\u00e4tzlich sind alle Artikel, die in unserem Onlineshop angeboten werden, auch nur mittels unseres Onlineshops bestellbar. Abweichungen davon k\u00f6nnen etwa bei Bestellungen von Mengen oder bei speziell gew\u00fcnschten Anpassungen vorkommen, die nicht handels\u00fcblich sind bzw. wof\u00fcr Sie ein individuelles Angebot einholen m\u00f6chten. Nur im Zuge von Individualvereinbarungen in Textform kann eine andere vertragliche Basis als unsere AGB bzw. eine andere Form der Bestellabwicklung als jene \u00fcber unseren Onlineshop gew\u00e4hlt werden.[\/vc_toggle][vc_toggle title=&#8221;Warum werde ich von Ihrem Onlineshop geduzt?&#8221; custom_font_container=&#8221;tag:h6|font_size:12|text_align:left&#8221; custom_use_theme_fonts=&#8221;yes&#8221; use_custom_heading=&#8221;true&#8221;]Diesen Aspekt m\u00f6chten wir Sie bitten, zu verzeihen. Grunds\u00e4tzlich siezen wir Sie im direkten Kontakt mit Ihnen, au\u00dfer Sie bevorzugen ausdr\u00fccklich das &#8216;du&#8217; als Anredeform. Eventuell werden Sie von einigen der automatisierten E-Mails geduzt.<\/p>\n<p>Der Grund, warum Sie gelegentlich geduzt werden, ist von praktischer Natur. Denn die Wortl\u00e4nge in der deutschen Sprache \u00fcbersteigt in der Tat oftmals jener der englischen Sprache. Somit ergibt sich manchmal eine fehlende \u00dcbersichtlichkeit z.B. bei kurzen Zeilenl\u00e4ngen des Textes. Teilweise nutzen wir auch englischsprachige Softwareelemente, welche das informelle &#8216;du&#8217; w\u00e4hlen.[\/vc_toggle][vc_toggle title=&#8221;Warum sehe ich keine Details zu meiner Bestellung in meinem Kundenkonto?&#8221; custom_font_container=&#8221;tag:h6|font_size:12|text_align:left&#8221; custom_use_theme_fonts=&#8221;yes&#8221; use_custom_heading=&#8221;true&#8221;]Damit die Bestellung in Ihrem Kundenkonto sichtbar ist, sollten Sie sich bereits vor oder w\u00e4hrend des Bestellvorgangs im Onlineshop registriert haben bzw. ggf. w\u00e4hrend des Bestellvorgangs angemeldet sein. Eine nachtr\u00e4gliche Registrierung bewirkt keine Sichtbarkeit einer Bestellung in Ihrem Kundenkonto, welche Sie als Gast bei uns get\u00e4tigt haben.[\/vc_toggle][vc_toggle title=&#8221;Kann ich mich mit meinem Konto eines sozialen Netzwerk anmelden, um den Bestellvorgang zu beschleunigen?&#8221; custom_font_container=&#8221;tag:h6|font_size:12|text_align:left&#8221; custom_use_theme_fonts=&#8221;yes&#8221; use_custom_heading=&#8221;true&#8221;]Ja, zur schnelleren Abwicklung Ihres Einkaufs k\u00f6nnen Sie als Gast Ihr Amazon-, Facebook-, Google-, Twitter-, Instagram-, Yahoo-, VK- oder LinkedIn-Konto w\u00e4hrend des Bestellvorgangs nutzen, um Ihre Rechnungs- und Versanddetails einzupflegen. Bitte stellen Sie dabei sicher, dass Ihre Angaben aktuell sind. Weitere Informationen finden Sie dazu in unseren <a href=\"https:\/\/eshop.arvigortrading.com\/de\/datenschutzerklaerung\/\" target=\"_blank\" rel=\"noopener noreferrer\">Datenschutzhinweisen<\/a>.[\/vc_toggle][vc_toggle title=&#8221;Wohin wende ich mich bei Verz\u00f6gerungen im Hinblick auf die Zustellung von paketversandf\u00e4higen Produkten?&#8221; custom_font_container=&#8221;tag:h6|font_size:12|text_align:left&#8221; custom_use_theme_fonts=&#8221;yes&#8221; use_custom_heading=&#8221;true&#8221;]In der Regel erhalten Sie einen Sendungsverfolgungscode per E-Mail oder einsehbar in Ihrem Kundenkonto, sofern Sie bei der Bestellung registriert und angemeldet sind, bzw. als Gast \u00fcber <a href=\"https:\/\/eshop.arvigortrading.com\/de\/versand-lieferung\/\" target=\"_blank\" rel=\"noopener noreferrer\">Versand &amp; Lieferung<\/a>. Das hilft Ihnen dabei, Ihre Zustellung gem\u00e4\u00df Ihrem Zeitplan zu koordinieren. Falls es zu Verz\u00f6gerungen oder Problemen bei der Zustellung kommen sollte, wenden Sie sich bitte, wenn m\u00f6glich, zun\u00e4chst direkt an den Versanddienstleister. Das ist der schnellste und direkteste Weg. Sollten Sie keine zufriedenstellende L\u00f6sung finden, dann kontaktieren Sie uns bitte.[\/vc_toggle][vc_toggle title=&#8221;Wohin wende ich mich im Hinblick auf die Anlieferung von nicht-paketversandf\u00e4higen Produkten?&#8221; custom_font_container=&#8221;tag:h6|font_size:12|text_align:left&#8221; custom_use_theme_fonts=&#8221;yes&#8221; use_custom_heading=&#8221;true&#8221;]Die von uns beauftragte Spedition wird sich mit Ihnen per E-Mail bzw. Telefon in Verbindung setzen, um einen geeigneten Zeitrahmen f\u00fcr die Anlieferung mit Ihnen zu vereinbaren. Bitte gehen Sie sicher, dass Sie bei der Anlieferung die Abschrift des Lieferscheins bzw. andere erforderliche Dokumente unterschreiben. Achten Sie bitte auf die Hinweise in <a href=\"https:\/\/eshop.arvigortrading.com\/de\/versand-lieferung\/\" target=\"_blank\" rel=\"noopener noreferrer\">Versand &amp; Lieferung<\/a>.<\/p>\n<p>Bei Frachten, die eine l\u00e4ngere Lieferzeit bzw. einen l\u00e4ngeren Lieferweg ben\u00f6tigen, werden wir Sie \u00fcber den Verlauf der Lieferung informieren. Falls es zu Verz\u00f6gerungen oder Problemen bei der Anlieferung kommen sollte, wenden Sie sich bitte, wenn m\u00f6glich, zun\u00e4chst direkt an die Spedition. Das ist der schnellste und direkteste Weg. Sollten Sie keine zufriedenstellende L\u00f6sung finden, dann kontaktieren Sie uns bitte.[\/vc_toggle][vc_text_separator title=&#8221;Technische Fragen und Antworten&#8221; title_align=&#8221;separator_align_left&#8221;][vc_toggle title=&#8221;Weshalb kann ich keine Artikel in den Warenkorb legen?&#8221; open=&#8221;true&#8221; custom_font_container=&#8221;tag:h6|font_size:12|text_align:left&#8221; custom_use_theme_fonts=&#8221;yes&#8221; use_custom_heading=&#8221;true&#8221;]Bitte l\u00f6schen Sie zun\u00e4chst den gesamten Verlauf Ihres Browsers einschlie\u00dflich Cookies und pr\u00fcfen, ob es dann einwandfrei funktioniert. Gehen Sie sicher, dass Sie keine Tabs Ihres Browsers in verschiedenen Sprachen unseres Onlineshops ge\u00f6ffnet haben. Denn nicht alle unsere Artikel sind mehrsprachig verf\u00fcgbar, sodass u.a. diese Einschr\u00e4nkung Sie ggf. davon abh\u00e4lt, Artikel in den Warenkorb (Einkaufswagen) abzulegen.[\/vc_toggle][vc_toggle title=&#8221;An wen wende ich mich bei technischen Problemen des Zahlungsdienstleisters?&#8221; custom_font_container=&#8221;tag:h6|font_size:12|text_align:left&#8221; custom_use_theme_fonts=&#8221;yes&#8221; use_custom_heading=&#8221;true&#8221;]Sobald Sie von unseren Onlineshop eventuell an den <a href=\"https:\/\/eshop.arvigortrading.com\/de\/zahlungsarten\/\" target=\"_blank\" rel=\"noopener noreferrer\">Zahlungsdienstleister<\/a> Ihrer Wahl weitergeleitet werden, dann schlie\u00dfen Sie den Zahlungsvorgang mithilfe des Zahlungsdienstleisters \u00fcber dessen technische Plattform ab. Wir haben keinen Einfluss und keine Kenntnis \u00fcber die detaillierten technischen Abl\u00e4ufe, welche der Zahlungsabwicklung mittels des jeweiligen Zahlungsdienstleisters zugrunde liegen.<\/p>\n<p>Wir werden lediglich \u00fcber den erfolgreichen Abschluss bzw. den Abbruch eines Zahlungsvorgangs sowie den Zahlungseingang benachrichtigt. Sollten Sie deshalb Probleme beim Zahlungsvorgang beim jeweiligen Zahlungsdienstleister haben, dann w\u00e4hlen Sie bitte eine andere f\u00fcr Sie akzeptable Zahlungsart, oder wenden Sie sich bitte zun\u00e4chst direkt an den jeweiligen Zahlungsdienstleister, wenn m\u00f6glich. Sonst kontaktieren Sie uns bitte.[\/vc_toggle][vc_separator][vc_custom_heading text=&#8221;Service&#8221; font_container=&#8221;tag:h2|font_size:15|text_align:left&#8221; use_theme_fonts=&#8221;yes&#8221; css_animation=&#8221;none&#8221;][vc_column_text]Urspr\u00fcnglich als ein Dienstleister von <a href=\"https:\/\/www.arvigortrading.com\/de\/handelsdienstleistungen\/\" target=\"_blank\" rel=\"noopener noreferrer\">Handelsdienstleistungen<\/a> im internationalen Handel f\u00fcr Unternehmen gegr\u00fcndet, sind wir uns der Tragweite eines zeitnahen, effizienten, respektvollen und h\u00f6flichen, unvoreingenommen und professionellen Service f\u00fcr unsere Kunden stets bewusst.<\/p>\n<p>Obgleich der Service am Unternehmen oder am Verbraucher, das Prinzip des individuellen Umgangs mit Menschen ist stets dasselbe, insbesondere im internationalen Handel.<\/p>\n<p>Die Wertsch\u00e4tzung und das Vertrauen, das uns unsere Kunden entgegenbringen, m\u00f6chten wir besonders durch einen kompetenten, zuverl\u00e4ssigen sowie individuellen Service widerspiegeln.[\/vc_column_text][vc_separator][vc_custom_heading text=&#8221;Kundenservice&#8221; font_container=&#8221;tag:h2|font_size:15|text_align:left&#8221; use_theme_fonts=&#8221;yes&#8221; css_animation=&#8221;none&#8221;][vc_column_text]Zur Beantwortung von Kundenanfragen erfolgt unser Kundenservice vorrangig per E-Mail bzw. durch ein Support-Ticketing-System (Helpdesk). Dazu k\u00f6nnen Sie uns<\/p>\n<ul>\n<li>per E-Mail anschreiben an support@arvigortrading.com,<\/li>\n<li>per <a href=\"https:\/\/eshop.arvigortrading.com\/de\/kontakt\/\" target=\"_blank\" rel=\"noopener noreferrer\">Kontaktformular<\/a> Ihr Anliegen mitteilen,<\/li>\n<li>\u00fcber die Schaltfl\u00e4che &#8216;Service&#8217; eine Nachricht als E-Mail zusenden,<\/li>\n<li>\u00fcber die Schaltfl\u00e4che &#8216;Service&#8217; w\u00e4hrend unserer aktiven Gesch\u00e4ftszeiten per Live Chat kontaktieren,<\/li>\n<li>innerhalb der einzelnen Artikelansicht per Anfrageformular Ihre spezifischen Fragen stellen,<\/li>\n<li>\u00fcber <a href=\"https:\/\/arvigortrading.freshdesk.com\" target=\"_blank\" rel=\"noopener noreferrer\">https:\/\/arvigortrading.freshdesk.com<\/a> ein Support-Ticket einstellen,<\/li>\n<li>in Ihrem Kundenkonto innerhalb der Bestelldetailansicht kontaktieren.<\/li>\n<\/ul>\n<p>Unser Kundenservice deckt nicht die Bearbeitung von Anfragen ab, welche sich mit den Einzelheiten der Zahlungsarten, wie bspw. Ihre Einstellungen im PayPal-Kundenkonto, auseinandersetzen. Zu Ihren <a href=\"https:\/\/eshop.arvigortrading.com\/de\/zahlungsarten\/\" target=\"_blank\" rel=\"noopener noreferrer\">Zahlungsoptionen<\/a> im Hinblick auf die jeweiligen Zahlungsdienstleister haben wir Ihnen einige Hinweise bereitgestellt. Falls Sie Fragen zu der Abwicklung bzw. zur R\u00fcckabwicklung einer Zahlung haben sollten, dann kontaktieren Sie uns bitte bzw. direkt den jeweiligen Zahlungsdienstleister.<\/p>\n<p>Sollten wir Sie irritiert oder Sie in Ihrem Wohlbefinden gest\u00f6rt haben, obgleich wir klare Leitlinien f\u00fcr unseren Kundenservice festgelegt haben, und Sie m\u00f6chten sich beschweren, dann tun Sie das bitte \u00fcber die E-Mail: complaint@arvigortrading.com.<br \/>\nWir werden Ihre Beschwerde sorgf\u00e4ltig und gewissenhaft pr\u00fcfen.<\/p>\n<p>Unser Kundenservice und die darin verwobenen Prozesse werden regelm\u00e4\u00dfig \u00fcberpr\u00fcft und optimiert. Deshalb begr\u00fc\u00dfen wir Ihr Feedback, um unser Angebot f\u00fcr Sie stetig zu verbessern. Bitte nutzen Sie daf\u00fcr das folgende Feedbackformular.[\/vc_column_text][vc_text_separator title=&#8221;Feedback&#8221; title_align=&#8221;separator_align_left&#8221;][vc_raw_html]JTNDaWZyYW1lJTIwc3JjJTNEJTIyaHR0cHMlM0ElMkYlMkZkb2NzLmdvb2dsZS5jb20lMkZmb3JtcyUyRmQlMkZlJTJGMUZBSXBRTFNkS25LVzhOYWRMVDhXazl4dmNfY1FOenNMWTFEb1JkbUNUanFEMWtiMHNxOUlaT3clMkZ2aWV3Zm9ybSUzRmVtYmVkZGVkJTNEdHJ1ZSUyMiUyMHdpZHRoJTNEJTIyOTQwJTIyJTIwaGVpZ2h0JTNEJTIyMTAwMiUyMiUyMGZyYW1lYm9yZGVyJTNEJTIyMCUyMiUyMG1hcmdpbmhlaWdodCUzRCUyMjAlMjIlMjBtYXJnaW53aWR0aCUzRCUyMjAlMjIlM0VMb2FkaW5nJUUyJTgwJUE2JTNDJTJGaWZyYW1lJTNF[\/vc_raw_html][vc_separator style=&#8221;dashed&#8221;][vc_raw_html]JTNDJTIxLS0lMjBUcnVzdEJveCUyMHdpZGdldCUyMC0lMjBSZXZpZXclMjBDb2xsZWN0b3IlMjAtLSUzRSUyMCUzQ2RpdiUyMGNsYXNzJTNEJTIydHJ1c3RwaWxvdC13aWRnZXQlMjIlMjBkYXRhLWxvY2FsZSUzRCUyMmRlLURFJTIyJTIwZGF0YS10ZW1wbGF0ZS1pZCUzRCUyMjU2Mjc4ZTlhYmZiYmJhMGJkY2Q1NjhiYyUyMiUyMGRhdGEtYnVzaW5lc3N1bml0LWlkJTNEJTIyNWQ3NTg1YTNhMWY5OGYwMDAxNzJkNjA0JTIyJTIwZGF0YS1zdHlsZS1oZWlnaHQlM0QlMjI1MnB4JTIyJTIwZGF0YS1zdHlsZS13aWR0aCUzRCUyMjEwMCUyNSUyMiUzRSUyMCUzQ2ElMjBocmVmJTNEJTIyaHR0cHMlM0ElMkYlMkZkZS50cnVzdHBpbG90LmNvbSUyRnJldmlldyUyRmVzaG9wLmFydmlnb3J0cmFkaW5nLmNvbSUyMiUyMHRhcmdldCUzRCUyMl9ibGFuayUyMiUyMHJlbCUzRCUyMm5vb3BlbmVyJTIyJTNFVHJ1c3RwaWxvdCUzQyUyRmElM0UlMjAlM0MlMkZkaXYlM0UlMjAlM0MlMjEtLSUyMEVuZCUyMFRydXN0Qm94JTIwd2lkZ2V0JTIwLS0lM0U=[\/vc_raw_html][\/vc_column][vc_column width=&#8221;1\/6&#8243;][\/vc_column][\/vc_row]<\/p>\n","protected":false},"excerpt":{"rendered":"<p>[vc_row][vc_column width=&#8221;1\/6&#8243;][\/vc_column][vc_column width=&#8221;2\/3&#8243;][vc_column_text] FAQ und Service [\/vc_column_text][vc_column_text]Unsere Zahlungs-, Versand- bzw. Lieferbedingungen sind in unseren AGB sowie unserer Widerrufsbelehrung enthalten. Zus\u00e4tzliche Hinweise finden Sie unter Zahlungsarten sowie Versand und Lieferung. Sollten Sie Fragen zu bzw. vor oder nach Ihrer Bestellung haben, uns Feedback oder Kommentare mitgeben m\u00f6chten, sich \u00fcber ein Produkt erkundigen wollen oder ein sonstiges [&hellip;]<\/p>\n","protected":false},"author":35,"featured_media":0,"parent":0,"menu_order":0,"comment_status":"closed","ping_status":"closed","template":"","meta":{"spay_email":""},"yoast_head":"<!-- This site is optimized with the Yoast SEO Premium plugin v15.2.1 - https:\/\/yoast.com\/wordpress\/plugins\/seo\/ -->\n<title>FAQ und Service &raquo; Kundensupport und Kundenfeedback<\/title>\n<meta name=\"description\" content=\"FAQ und Service f\u00fcr Kunden rund um die Uhr f\u00fcr ein individuelles und sorgenfreies Einkaufserlebnis mit M\u00f6glichkeiten f\u00fcr Feedback und Bewertungen.\" \/>\n<meta name=\"robots\" content=\"index, follow, max-snippet:-1, max-image-preview:large, max-video-preview:-1\" \/>\n<link rel=\"canonical\" href=\"https:\/\/eshop.arvigortrading.com\/de\/faq-service\/\" \/>\n<meta property=\"og:locale\" content=\"de_DE\" \/>\n<meta property=\"og:type\" content=\"article\" \/>\n<meta property=\"og:title\" content=\"FAQ und Service &raquo; Kundensupport und Kundenfeedback\" \/>\n<meta property=\"og:description\" content=\"FAQ und Service f\u00fcr Kunden rund um die Uhr f\u00fcr ein individuelles und sorgenfreies Einkaufserlebnis mit M\u00f6glichkeiten f\u00fcr Feedback und Bewertungen.\" \/>\n<meta property=\"og:url\" content=\"https:\/\/eshop.arvigortrading.com\/de\/faq-service\/\" \/>\n<meta property=\"og:site_name\" content=\"Arvigor Trading &amp; Co. [B2C &amp; B2B eCommerce]\" \/>\n<meta property=\"article:modified_time\" content=\"2020-05-22T00:06:14+00:00\" \/>\n<meta name=\"twitter:card\" content=\"summary\" \/>\n<meta name=\"twitter:creator\" content=\"@arvigortrading\" \/>\n<meta name=\"twitter:site\" content=\"@arvigortrading\" \/>\n<meta name=\"twitter:label1\" content=\"Verfasst von\">\n\t<meta name=\"twitter:data1\" content=\"shopmanager\">\n\t<meta name=\"twitter:label2\" content=\"Gesch\u00e4tzte Lesezeit\">\n\t<meta name=\"twitter:data2\" content=\"7 Minuten\">\n<script type=\"application\/ld+json\" class=\"yoast-schema-graph\">{\"@context\":\"https:\/\/schema.org\",\"@graph\":[{\"@type\":\"Organization\",\"@id\":\"https:\/\/eshop.arvigortrading.com\/#organization\",\"name\":\"Arvigor Trading & Co.\",\"url\":\"https:\/\/eshop.arvigortrading.com\/\",\"sameAs\":[\"https:\/\/www.youtube.com\/channel\/UCHfcKDOK5r5pDYQrMbl5wBA\",\"https:\/\/www.pinterest.de\/arvigortrading\/\",\"https:\/\/twitter.com\/arvigortrading\"],\"logo\":{\"@type\":\"ImageObject\",\"@id\":\"https:\/\/eshop.arvigortrading.com\/#logo\",\"inLanguage\":\"de-DE\",\"url\":\"https:\/\/eshop.arvigortrading.com\/file\/2017\/10\/120x111_transparent_www.arvigortrading.com_copyright_protected-by-law.png\",\"width\":120,\"height\":111,\"caption\":\"Arvigor Trading & Co.\"},\"image\":{\"@id\":\"https:\/\/eshop.arvigortrading.com\/#logo\"}},{\"@type\":\"WebSite\",\"@id\":\"https:\/\/eshop.arvigortrading.com\/#website\",\"url\":\"https:\/\/eshop.arvigortrading.com\/\",\"name\":\"Arvigor Trading & Co. [B2C & B2B eCommerce]\",\"description\":\"Shopping online mit internationalem eCommerce.\",\"publisher\":{\"@id\":\"https:\/\/eshop.arvigortrading.com\/#organization\"},\"potentialAction\":[{\"@type\":\"SearchAction\",\"target\":\"https:\/\/eshop.arvigortrading.com\/?s={search_term_string}\",\"query-input\":\"required name=search_term_string\"}],\"inLanguage\":\"de-DE\"},{\"@type\":\"WebPage\",\"@id\":\"https:\/\/eshop.arvigortrading.com\/de\/faq-service\/#webpage\",\"url\":\"https:\/\/eshop.arvigortrading.com\/de\/faq-service\/\",\"name\":\"FAQ und Service &raquo; Kundensupport und Kundenfeedback\",\"isPartOf\":{\"@id\":\"https:\/\/eshop.arvigortrading.com\/#website\"},\"datePublished\":\"2017-06-27T22:27:58+00:00\",\"dateModified\":\"2020-05-22T00:06:14+00:00\",\"description\":\"FAQ und Service f\\u00fcr Kunden rund um die Uhr f\\u00fcr ein individuelles und sorgenfreies Einkaufserlebnis mit M\\u00f6glichkeiten f\\u00fcr Feedback und Bewertungen.\",\"inLanguage\":\"de-DE\",\"potentialAction\":[{\"@type\":\"ReadAction\",\"target\":[\"https:\/\/eshop.arvigortrading.com\/de\/faq-service\/\"]}]}]}<\/script>\n<!-- \/ Yoast SEO Premium plugin. -->","jetpack_sharing_enabled":false,"_links":{"self":[{"href":"https:\/\/eshop.arvigortrading.com\/de\/wp-json\/wp\/v2\/pages\/10785"}],"collection":[{"href":"https:\/\/eshop.arvigortrading.com\/de\/wp-json\/wp\/v2\/pages"}],"about":[{"href":"https:\/\/eshop.arvigortrading.com\/de\/wp-json\/wp\/v2\/types\/page"}],"author":[{"embeddable":true,"href":"https:\/\/eshop.arvigortrading.com\/de\/wp-json\/wp\/v2\/users\/35"}],"replies":[{"embeddable":true,"href":"https:\/\/eshop.arvigortrading.com\/de\/wp-json\/wp\/v2\/comments?post=10785"}],"version-history":[{"count":0,"href":"https:\/\/eshop.arvigortrading.com\/de\/wp-json\/wp\/v2\/pages\/10785\/revisions"}],"wp:attachment":[{"href":"https:\/\/eshop.arvigortrading.com\/de\/wp-json\/wp\/v2\/media?parent=10785"}],"curies":[{"name":"wp","href":"https:\/\/api.w.org\/{rel}","templated":true}]}}